{"id":54,"date":"2021-05-28T17:23:34","date_gmt":"2021-05-28T15:23:34","guid":{"rendered":"http:\/\/mat-indus.com\/?page_id=54"},"modified":"2023-06-14T11:19:04","modified_gmt":"2023-06-14T09:19:04","slug":"accuel","status":"publish","type":"page","link":"https:\/\/mat-indus.com\/","title":{"rendered":"ACCUEIL"},"content":{"rendered":"<ul class=\"wp-block-latest-posts__list has-dates wp-block-latest-posts\"><li><a class=\"wp-block-latest-posts__post-title\" href=\"https:\/\/mat-indus.com\/?p=287\">Convoyage sur AMRs<\/a><time datetime=\"2023-02-28T15:49:00+01:00\" class=\"wp-block-latest-posts__post-date\">28 f\u00e9vrier 2023<\/time><div class=\"wp-block-latest-posts__post-full-content\"><!-- wp:paragraph -->\n<p>La soci\u00e9t\u00e9 <strong>MAT-INDUS<\/strong> vous pr\u00e9sente sa derni\u00e8re r\u00e9alisation, en r\u00e9ponse \u00e0 vos nouveaux besoins : une ligne de convoyage int\u00e9grant des <strong>robots mobiles autonomes<\/strong> MiR pour le transfert de charges (ici, caisses en carton) entre les postes de pr\u00e9paration et la zone de palettisation.<\/p>\n<!-- \/wp:paragraph -->\n\n<!-- wp:video {\"id\":322} -->\n<figure class=\"wp-block-video\"><video autoplay controls muted src=\"https:\/\/mat-indus.com\/wp-content\/uploads\/2023\/06\/PROJET-AMR-CONVOYAGE.mp4\"><\/video><\/figure>\n<!-- \/wp:video --><\/div><\/li>\n<\/ul>\n\n\n<p class=\"has-text-align-center has-medium-font-size\"><em><strong>MAT-INDUS<\/strong>, sp\u00e9cialiste du convoyage \u00e0 votre service depuis 2001<\/em><\/p>\n\n\n\n<div class=\"wp-block-buttons is-horizontal is-content-justification-center is-layout-flex wp-container-core-buttons-is-layout-499968f5 wp-block-buttons-is-layout-flex\">\n<div class=\"wp-block-button is-style-outline is-style-outline--1\"><a class=\"wp-block-button__link wp-element-button\" href=\"https:\/\/mat-indus.com\/?page_id=81\">NOS SOLUTIONS<\/a><\/div>\n\n\n\n<div class=\"wp-block-button is-style-outline is-style-outline--2\"><a class=\"wp-block-button__link wp-element-button\" href=\"https:\/\/mat-indus.com\/?page_id=2\">CONTACT<\/a><\/div>\n<\/div>\n\n\n\n<p>MAT-INDUS<br>221 ter rue du tilleul<br>59200 TOURCOING<br>mat-indus@mat-indus.com<br>03 20 68 00 13<\/p>\n","protected":false},"excerpt":{"rendered":"<p>MAT-INDUS, sp\u00e9cialiste du convoyage \u00e0 votre service depuis 2001 MAT-INDUS221 ter rue du tilleul59200 TOURCOINGmat-indus@mat-indus.com03 20 68 00 13<\/p>\n","protected":false},"author":1,"featured_media":0,"parent":0,"menu_order":0,"comment_status":"closed","ping_status":"closed","template":"","meta":{"footnotes":""},"class_list":["post-54","page","type-page","status-publish","hentry","entry"],"_links":{"self":[{"href":"https:\/\/mat-indus.com\/index.php?rest_route=\/wp\/v2\/pages\/54","targetHints":{"allow":["GET"]}}],"collection":[{"href":"https:\/\/mat-indus.com\/index.php?rest_route=\/wp\/v2\/pages"}],"about":[{"href":"https:\/\/mat-indus.com\/index.php?rest_route=\/wp\/v2\/types\/page"}],"author":[{"embeddable":true,"href":"https:\/\/mat-indus.com\/index.php?rest_route=\/wp\/v2\/users\/1"}],"replies":[{"embeddable":true,"href":"https:\/\/mat-indus.com\/index.php?rest_route=%2Fwp%2Fv2%2Fcomments&post=54"}],"version-history":[{"count":10,"href":"https:\/\/mat-indus.com\/index.php?rest_route=\/wp\/v2\/pages\/54\/revisions"}],"predecessor-version":[{"id":313,"href":"https:\/\/mat-indus.com\/index.php?rest_route=\/wp\/v2\/pages\/54\/revisions\/313"}],"wp:attachment":[{"href":"https:\/\/mat-indus.com\/index.php?rest_route=%2Fwp%2Fv2%2Fmedia&parent=54"}],"curies":[{"name":"wp","href":"https:\/\/api.w.org\/{rel}","templated":true}]}}