{"id":355,"date":"2023-08-31T13:52:37","date_gmt":"2023-08-31T11:52:37","guid":{"rendered":"https:\/\/mat-indus.com\/?page_id=355"},"modified":"2023-08-31T13:52:38","modified_gmt":"2023-08-31T11:52:38","slug":"robots-industriels","status":"publish","type":"page","link":"https:\/\/mat-indus.com\/?page_id=355","title":{"rendered":"Robots industriels"},"content":{"rendered":"\n<p>Dans une gamme de robots industriels polyvalents \u00e0 grande vitesse et \u00e0 la pointe de la technologie, vous<br>trouverez :<\/p>\n\n\n\n<ul class=\"wp-block-list\">\n<li>Robots \u00e0 forte capacit\u00e9<\/li>\n\n\n\n<li>Robots \u00e0 port\u00e9e \u00e9tendue<\/li>\n\n\n\n<li>Robots 7 axes<\/li>\n\n\n\n<li>Robots double bras \u00e0 15 axes<\/li>\n\n\n\n<li>\u2026<\/li>\n<\/ul>\n\n\n<div class=\"wp-block-image\">\n<figure class=\"aligncenter size-full is-resized\"><img decoding=\"async\" src=\"https:\/\/mat-indus.com\/wp-content\/uploads\/2023\/08\/Image1.png\" alt=\"\" class=\"wp-image-356\" style=\"width:500px\" width=\"500\" srcset=\"https:\/\/mat-indus.com\/wp-content\/uploads\/2023\/08\/Image1.png 828w, https:\/\/mat-indus.com\/wp-content\/uploads\/2023\/08\/Image1-300x226.png 300w, https:\/\/mat-indus.com\/wp-content\/uploads\/2023\/08\/Image1-768x579.png 768w\" sizes=\"(max-width: 828px) 100vw, 828px\" \/><figcaption class=\"wp-element-caption\">Robots industriels<\/figcaption><\/figure>\n<\/div>\n\n\n<p>Avant installation, une \u00e9tude compl\u00e8te des cycles robots ainsi qu\u2019une simulation permettent de valider la solution choisie.<\/p>\n\n\n\n<p>Avec la fonction logicielle de s\u00e9curit\u00e9 int\u00e9gr\u00e9e pour toutes les applications, il est possible de configurer en toute s\u00e9curit\u00e9 :<\/p>\n\n\n\n<ul class=\"wp-block-list\">\n<li>Limitation des axes<\/li>\n\n\n\n<li>Cr\u00e9ation zones et surveillance<\/li>\n\n\n\n<li>Vitesses s\u00fbres<\/li>\n\n\n\n<li>Arr\u00eats s\u00fbrs<\/li>\n\n\n\n<li>Limitations angulaires<\/li>\n<\/ul>\n\n\n<div class=\"wp-block-image\">\n<figure class=\"aligncenter size-full is-resized\"><img decoding=\"async\" src=\"https:\/\/mat-indus.com\/wp-content\/uploads\/2023\/08\/Image2.png\" alt=\"\" class=\"wp-image-357\" style=\"width:500px\" width=\"500\" srcset=\"https:\/\/mat-indus.com\/wp-content\/uploads\/2023\/08\/Image2.png 764w, https:\/\/mat-indus.com\/wp-content\/uploads\/2023\/08\/Image2-300x271.png 300w\" sizes=\"(max-width: 764px) 100vw, 764px\" \/><figcaption class=\"wp-element-caption\">Exemple de simulation<\/figcaption><\/figure>\n<\/div>\n\n\n<p>\u2026 Et toujours l\u2019int\u00e9gration de l\u2019ensemble par nos \u00e9quipes, dans des lignes de convoyage sur-mesure, enti\u00e8rement automatis\u00e9es par nos soins.<\/p>\n","protected":false},"excerpt":{"rendered":"<p>Dans une gamme de robots industriels polyvalents \u00e0 grande vitesse et \u00e0 la pointe de la technologie, voustrouverez : Avant installation, une \u00e9tude compl\u00e8te des cycles robots ainsi qu\u2019une simulation permettent de valider la solution choisie. Avec la fonction logicielle de s\u00e9curit\u00e9 int\u00e9gr\u00e9e pour toutes les applications, il est possible de configurer en toute s\u00e9curit\u00e9 [&hellip;]<\/p>\n","protected":false},"author":1,"featured_media":0,"parent":81,"menu_order":0,"comment_status":"closed","ping_status":"closed","template":"","meta":{"footnotes":""},"class_list":["post-355","page","type-page","status-publish","hentry","entry"],"_links":{"self":[{"href":"https:\/\/mat-indus.com\/index.php?rest_route=\/wp\/v2\/pages\/355","targetHints":{"allow":["GET"]}}],"collection":[{"href":"https:\/\/mat-indus.com\/index.php?rest_route=\/wp\/v2\/pages"}],"about":[{"href":"https:\/\/mat-indus.com\/index.php?rest_route=\/wp\/v2\/types\/page"}],"author":[{"embeddable":true,"href":"https:\/\/mat-indus.com\/index.php?rest_route=\/wp\/v2\/users\/1"}],"replies":[{"embeddable":true,"href":"https:\/\/mat-indus.com\/index.php?rest_route=%2Fwp%2Fv2%2Fcomments&post=355"}],"version-history":[{"count":1,"href":"https:\/\/mat-indus.com\/index.php?rest_route=\/wp\/v2\/pages\/355\/revisions"}],"predecessor-version":[{"id":358,"href":"https:\/\/mat-indus.com\/index.php?rest_route=\/wp\/v2\/pages\/355\/revisions\/358"}],"up":[{"embeddable":true,"href":"https:\/\/mat-indus.com\/index.php?rest_route=\/wp\/v2\/pages\/81"}],"wp:attachment":[{"href":"https:\/\/mat-indus.com\/index.php?rest_route=%2Fwp%2Fv2%2Fmedia&parent=355"}],"curies":[{"name":"wp","href":"https:\/\/api.w.org\/{rel}","templated":true}]}}