{"id":347,"date":"2023-08-30T16:03:32","date_gmt":"2023-08-30T14:03:32","guid":{"rendered":"https:\/\/mat-indus.com\/?page_id=347"},"modified":"2023-08-30T16:04:00","modified_gmt":"2023-08-30T14:04:00","slug":"robots-mobiles-autonomes","status":"publish","type":"page","link":"https:\/\/mat-indus.com\/?page_id=347","title":{"rendered":"Robots mobiles autonomes"},"content":{"rendered":"\n<p>Contrairement aux AGVs, les <strong>AMRs<\/strong> n\u2019ont pas besoin d\u2019\u00eatre filoguid\u00e9s&nbsp;: munis de 2 scrutateurs laser 360\u00b0 et de capteurs de proximit\u00e9, les robots s\u2019adaptent parfaitement \u00e0 leur environnement, d\u00e9tectent les obstacles et les contournent.<\/p>\n\n\n\n<p><strong>MAT-INDUS<\/strong> d\u00e9veloppe des lignes de pr\u00e9paration\/exp\u00e9dition et int\u00e8gre des <strong>AMRs<\/strong>, optimisant les flux, les cadences, la cohabitation utilisateurs, lors de la gestion des colis (cartons\/palettes\/\u2026).<\/p>\n\n\n<div class=\"wp-block-image\">\n<figure class=\"aligncenter size-full is-resized\"><img decoding=\"async\" src=\"https:\/\/mat-indus.com\/wp-content\/uploads\/2023\/08\/230316-AMRconv3.png\" alt=\"\" class=\"wp-image-348\" style=\"width:500px\" width=\"500\" srcset=\"https:\/\/mat-indus.com\/wp-content\/uploads\/2023\/08\/230316-AMRconv3.png 1035w, https:\/\/mat-indus.com\/wp-content\/uploads\/2023\/08\/230316-AMRconv3-300x292.png 300w, https:\/\/mat-indus.com\/wp-content\/uploads\/2023\/08\/230316-AMRconv3-1024x997.png 1024w, https:\/\/mat-indus.com\/wp-content\/uploads\/2023\/08\/230316-AMRconv3-768x748.png 768w\" sizes=\"(max-width: 1035px) 100vw, 1035px\" \/><figcaption class=\"wp-element-caption\">Int\u00e9gration de notre module convoyage sur un AMR<\/figcaption><\/figure>\n<\/div>\n\n\n<p>Facile \u00e0 programmer, l\u2019interface de communication permet de corriger les trajectoires, optimiser ou interdire les zones de circulation.<\/p>\n\n\n<div class=\"wp-block-image\">\n<figure class=\"aligncenter size-large is-resized\"><img decoding=\"async\" src=\"https:\/\/mat-indus.com\/wp-content\/uploads\/2023\/08\/Synoptique-1024x608.png\" alt=\"\" class=\"wp-image-349\" style=\"width:350px\" width=\"350\" srcset=\"https:\/\/mat-indus.com\/wp-content\/uploads\/2023\/08\/Synoptique-1024x608.png 1024w, https:\/\/mat-indus.com\/wp-content\/uploads\/2023\/08\/Synoptique-300x178.png 300w, https:\/\/mat-indus.com\/wp-content\/uploads\/2023\/08\/Synoptique-768x456.png 768w, https:\/\/mat-indus.com\/wp-content\/uploads\/2023\/08\/Synoptique.png 1085w\" sizes=\"(max-width: 1024px) 100vw, 1024px\" \/><figcaption class=\"wp-element-caption\">F<\/figcaption><\/figure>\n<\/div>\n\n\n<p>De nombreuses applications possibles \u00e0 travers la gamme de robots, avec des <strong>capacit\u00e9s de charge <\/strong>allant de 100kg \u00e0 1350kg.<\/p>\n\n\n<div class=\"wp-block-image\">\n<figure class=\"aligncenter size-full is-resized\"><img decoding=\"async\" src=\"https:\/\/mat-indus.com\/wp-content\/uploads\/2023\/08\/AMRs.png\" alt=\"\" class=\"wp-image-351\" style=\"width:750px\" width=\"750\" srcset=\"https:\/\/mat-indus.com\/wp-content\/uploads\/2023\/08\/AMRs.png 1153w, https:\/\/mat-indus.com\/wp-content\/uploads\/2023\/08\/AMRs-300x66.png 300w, https:\/\/mat-indus.com\/wp-content\/uploads\/2023\/08\/AMRs-1024x226.png 1024w, https:\/\/mat-indus.com\/wp-content\/uploads\/2023\/08\/AMRs-768x170.png 768w\" sizes=\"(max-width: 1153px) 100vw, 1153px\" \/><figcaption class=\"wp-element-caption\">Gamme d&rsquo;AMRs<\/figcaption><\/figure>\n<\/div>","protected":false},"excerpt":{"rendered":"<p>Contrairement aux AGVs, les AMRs n\u2019ont pas besoin d\u2019\u00eatre filoguid\u00e9s&nbsp;: munis de 2 scrutateurs laser 360\u00b0 et de capteurs de proximit\u00e9, les robots s\u2019adaptent parfaitement \u00e0 leur environnement, d\u00e9tectent les obstacles et les contournent. MAT-INDUS d\u00e9veloppe des lignes de pr\u00e9paration\/exp\u00e9dition et int\u00e8gre des AMRs, optimisant les flux, les cadences, la cohabitation utilisateurs, lors de la [&hellip;]<\/p>\n","protected":false},"author":1,"featured_media":0,"parent":81,"menu_order":0,"comment_status":"closed","ping_status":"closed","template":"","meta":{"footnotes":""},"class_list":["post-347","page","type-page","status-publish","hentry","entry"],"_links":{"self":[{"href":"https:\/\/mat-indus.com\/index.php?rest_route=\/wp\/v2\/pages\/347","targetHints":{"allow":["GET"]}}],"collection":[{"href":"https:\/\/mat-indus.com\/index.php?rest_route=\/wp\/v2\/pages"}],"about":[{"href":"https:\/\/mat-indus.com\/index.php?rest_route=\/wp\/v2\/types\/page"}],"author":[{"embeddable":true,"href":"https:\/\/mat-indus.com\/index.php?rest_route=\/wp\/v2\/users\/1"}],"replies":[{"embeddable":true,"href":"https:\/\/mat-indus.com\/index.php?rest_route=%2Fwp%2Fv2%2Fcomments&post=347"}],"version-history":[{"count":2,"href":"https:\/\/mat-indus.com\/index.php?rest_route=\/wp\/v2\/pages\/347\/revisions"}],"predecessor-version":[{"id":354,"href":"https:\/\/mat-indus.com\/index.php?rest_route=\/wp\/v2\/pages\/347\/revisions\/354"}],"up":[{"embeddable":true,"href":"https:\/\/mat-indus.com\/index.php?rest_route=\/wp\/v2\/pages\/81"}],"wp:attachment":[{"href":"https:\/\/mat-indus.com\/index.php?rest_route=%2Fwp%2Fv2%2Fmedia&parent=347"}],"curies":[{"name":"wp","href":"https:\/\/api.w.org\/{rel}","templated":true}]}}