{"id":181,"date":"2021-09-17T16:11:05","date_gmt":"2021-09-17T14:11:05","guid":{"rendered":"https:\/\/mat-indus.com\/?page_id=181"},"modified":"2022-01-21T15:48:02","modified_gmt":"2022-01-21T14:48:02","slug":"machines-speciales","status":"publish","type":"page","link":"https:\/\/mat-indus.com\/?page_id=181","title":{"rendered":"Machines sp\u00e9ciales"},"content":{"rendered":"\n<p>Disposant d&rsquo;un <strong>bureau d&rsquo;\u00e9tudes<\/strong> interne en m\u00e9canique et automatisme, nous proposons \u00e9galement des solutions con\u00e7ues selon vos demandes sp\u00e9cifiques.<\/p>\n\n\n\n<p>Nos ing\u00e9nieurs r\u00e9pondent \u00e0 vos besoins, vous proposent des <strong>solutions sur-mesure<\/strong> et d\u00e9veloppent des machines adapt\u00e9es \u00e0 vos contraintes, vos objectifs, et toujours cl\u00e9 en main avec <strong>automatisme inclus<\/strong>.<\/p>\n\n\n\n<p>Exemples de composants essentiellement utilis\u00e9s pour nos machines sp\u00e9ciales : guidages lin\u00e9aires, v\u00e9rins pneumatiques, servomoteurs, structures, profil\u00e9s alu\/plastique, capteurs de position\/vitesse, profilom\u00e8tres, cam\u00e9ras, &#8230; <\/p>\n\n\n\n<p>Quelques r\u00e9alisations r\u00e9centes : machines d&#8217;empilage\/d\u00e9pilage, manipulation sp\u00e9cifique de cartons, pr\u00e9henseurs sur-mesure, machines de brossage, couvercleuses, &#8230;<\/p>\n\n\n\n<div class=\"wp-block-image\"><figure class=\"aligncenter size-full is-resized\"><img loading=\"lazy\" decoding=\"async\" src=\"https:\/\/mat-indus.com\/wp-content\/uploads\/2021\/09\/EmpileurDepileur.png\" alt=\"\" class=\"wp-image-214\" width=\"472\" height=\"366\" srcset=\"https:\/\/mat-indus.com\/wp-content\/uploads\/2021\/09\/EmpileurDepileur.png 943w, https:\/\/mat-indus.com\/wp-content\/uploads\/2021\/09\/EmpileurDepileur-300x233.png 300w, https:\/\/mat-indus.com\/wp-content\/uploads\/2021\/09\/EmpileurDepileur-768x595.png 768w\" sizes=\"auto, (max-width: 472px) 100vw, 472px\" \/><figcaption><em>Machine de d\u00e9pilage paniers<\/em><\/figcaption><\/figure><\/div>\n\n\n\n<div class=\"wp-block-image\"><figure class=\"aligncenter size-large is-resized\"><img loading=\"lazy\" decoding=\"async\" src=\"https:\/\/mat-indus.com\/wp-content\/uploads\/2021\/09\/MachineBrossage-1024x593.jpg\" alt=\"\" class=\"wp-image-217\" width=\"512\" height=\"297\" srcset=\"https:\/\/mat-indus.com\/wp-content\/uploads\/2021\/09\/MachineBrossage-1024x593.jpg 1024w, https:\/\/mat-indus.com\/wp-content\/uploads\/2021\/09\/MachineBrossage-300x174.jpg 300w, https:\/\/mat-indus.com\/wp-content\/uploads\/2021\/09\/MachineBrossage-768x444.jpg 768w, https:\/\/mat-indus.com\/wp-content\/uploads\/2021\/09\/MachineBrossage-1536x889.jpg 1536w, https:\/\/mat-indus.com\/wp-content\/uploads\/2021\/09\/MachineBrossage-2048x1185.jpg 2048w\" sizes=\"auto, (max-width: 512px) 100vw, 512px\" \/><figcaption><em>Machine de brossage jantes<\/em><\/figcaption><\/figure><\/div>\n\n\n\n<div class=\"wp-block-image\"><figure class=\"aligncenter size-large is-resized\"><img loading=\"lazy\" decoding=\"async\" src=\"https:\/\/mat-indus.com\/wp-content\/uploads\/2021\/09\/20200921_103047-1024x462.jpg\" alt=\"\" class=\"wp-image-218\" width=\"512\" height=\"231\" srcset=\"https:\/\/mat-indus.com\/wp-content\/uploads\/2021\/09\/20200921_103047-1024x462.jpg 1024w, https:\/\/mat-indus.com\/wp-content\/uploads\/2021\/09\/20200921_103047-300x135.jpg 300w, https:\/\/mat-indus.com\/wp-content\/uploads\/2021\/09\/20200921_103047-768x346.jpg 768w, https:\/\/mat-indus.com\/wp-content\/uploads\/2021\/09\/20200921_103047-1536x692.jpg 1536w, https:\/\/mat-indus.com\/wp-content\/uploads\/2021\/09\/20200921_103047-2048x923.jpg 2048w\" sizes=\"auto, (max-width: 512px) 100vw, 512px\" \/><figcaption><em>Secoueur de cartons<\/em><\/figcaption><\/figure><\/div>\n","protected":false},"excerpt":{"rendered":"<p>Disposant d&rsquo;un bureau d&rsquo;\u00e9tudes interne en m\u00e9canique et automatisme, nous proposons \u00e9galement des solutions con\u00e7ues selon vos demandes sp\u00e9cifiques. Nos ing\u00e9nieurs r\u00e9pondent \u00e0 vos besoins, vous proposent des solutions sur-mesure et d\u00e9veloppent des machines adapt\u00e9es \u00e0 vos contraintes, vos objectifs, et toujours cl\u00e9 en main avec automatisme inclus. Exemples de composants essentiellement utilis\u00e9s pour nos [&hellip;]<\/p>\n","protected":false},"author":1,"featured_media":0,"parent":81,"menu_order":0,"comment_status":"closed","ping_status":"closed","template":"","meta":{"footnotes":""},"class_list":["post-181","page","type-page","status-publish","hentry","entry"],"_links":{"self":[{"href":"https:\/\/mat-indus.com\/index.php?rest_route=\/wp\/v2\/pages\/181","targetHints":{"allow":["GET"]}}],"collection":[{"href":"https:\/\/mat-indus.com\/index.php?rest_route=\/wp\/v2\/pages"}],"about":[{"href":"https:\/\/mat-indus.com\/index.php?rest_route=\/wp\/v2\/types\/page"}],"author":[{"embeddable":true,"href":"https:\/\/mat-indus.com\/index.php?rest_route=\/wp\/v2\/users\/1"}],"replies":[{"embeddable":true,"href":"https:\/\/mat-indus.com\/index.php?rest_route=%2Fwp%2Fv2%2Fcomments&post=181"}],"version-history":[{"count":4,"href":"https:\/\/mat-indus.com\/index.php?rest_route=\/wp\/v2\/pages\/181\/revisions"}],"predecessor-version":[{"id":286,"href":"https:\/\/mat-indus.com\/index.php?rest_route=\/wp\/v2\/pages\/181\/revisions\/286"}],"up":[{"embeddable":true,"href":"https:\/\/mat-indus.com\/index.php?rest_route=\/wp\/v2\/pages\/81"}],"wp:attachment":[{"href":"https:\/\/mat-indus.com\/index.php?rest_route=%2Fwp%2Fv2%2Fmedia&parent=181"}],"curies":[{"name":"wp","href":"https:\/\/api.w.org\/{rel}","templated":true}]}}